{"id":884,"date":"2018-09-07T12:12:54","date_gmt":"2018-09-07T11:12:54","guid":{"rendered":"http:\/\/aquilter.pt\/wp_final\/?page_id=884"},"modified":"2021-09-23T17:15:51","modified_gmt":"2021-09-23T16:15:51","slug":"informacao-ao-consumidor","status":"publish","type":"page","link":"https:\/\/aquilter.pt\/wp_final\/informacao-ao-consumidor\/","title":{"rendered":"Informa\u00e7\u00e3o ao Consumidor"},"content":{"rendered":"\t\t<div data-elementor-type=\"wp-post\" data-elementor-id=\"884\" class=\"elementor elementor-884\">\n\t\t\t\t\t\t<section class=\"elementor-section elementor-top-section elementor-element elementor-element-7f5e968f elementor-section-boxed elementor-section-height-default elementor-section-height-default\" data-id=\"7f5e968f\" data-element_type=\"section\" data-e-type=\"section\">\n\t\t\t\t\t\t<div class=\"elementor-container elementor-column-gap-default\">\n\t\t\t\t\t<div class=\"elementor-column elementor-col-100 elementor-top-column elementor-element elementor-element-85b298\" data-id=\"85b298\" data-element_type=\"column\" data-e-type=\"column\">\n\t\t\t<div class=\"elementor-widget-wrap elementor-element-populated\">\n\t\t\t\t\t\t<div class=\"elementor-element elementor-element-322cfa5a elementor-widget elementor-widget-text-editor\" data-id=\"322cfa5a\" data-element_type=\"widget\" data-e-type=\"widget\" data-widget_type=\"text-editor.default\">\n\t\t\t\t<div class=\"elementor-widget-container\">\n\t\t\t\t\t\t\t\t\t<p>Em caso de lit\u00edgio, o consumidor pode recorrer a uma entidade de resolu\u00e7\u00e3o alternativa de lit\u00edgios (RAL) de consumo.<\/p><p>Os nomes de contacto das RAL dispon\u00edveis e outras informa\u00e7\u00f5es podem ser consultados no portal do consumidor (www.consumidor.pt). A Mundial Casa Lda. n\u00e3o se encontra vinculada a qualquer RAL.<\/p>\t\t\t\t\t\t\t\t<\/div>\n\t\t\t\t<\/div>\n\t\t\t\t\t<\/div>\n\t\t<\/div>\n\t\t\t\t\t<\/div>\n\t\t<\/section>\n\t\t\t\t<\/div>\n\t\t","protected":false},"excerpt":{"rendered":"<p>Em caso de lit\u00edgio, o consumidor pode recorrer a uma entidade de resolu\u00e7\u00e3o alternativa de lit\u00edgios (RAL) de consumo. Os nomes de contacto das RAL dispon\u00edveis e outras informa\u00e7\u00f5es podem ser consultados no portal do consumidor (www.consumidor.pt). A Mundial Casa Lda. n\u00e3o se encontra vinculada a qualquer RAL.<\/p>\n","protected":false},"author":1,"featured_media":0,"parent":0,"menu_order":10,"comment_status":"closed","ping_status":"closed","template":"","meta":{"footnotes":""},"class_list":["post-884","page","type-page","status-publish","hentry"],"yoast_head":"<!-- This site is optimized with the Yoast SEO plugin v27.3 - https:\/\/yoast.com\/product\/yoast-seo-wordpress\/ -->\n<title>Informa\u00e7\u00e3o ao Consumidor - Aspirador Aquilter<\/title>\n<meta name=\"robots\" content=\"index, follow, max-snippet:-1, max-image-preview:large, max-video-preview:-1\" \/>\n<link rel=\"canonical\" href=\"https:\/\/aquilter.pt\/wp_final\/informacao-ao-consumidor\/\" \/>\n<meta property=\"og:locale\" content=\"pt_PT\" \/>\n<meta property=\"og:type\" content=\"article\" \/>\n<meta property=\"og:title\" content=\"Informa\u00e7\u00e3o ao Consumidor - Aspirador Aquilter\" \/>\n<meta property=\"og:description\" content=\"Em caso de lit\u00edgio, o consumidor pode recorrer a uma entidade de resolu\u00e7\u00e3o alternativa de lit\u00edgios (RAL) de consumo. Os nomes de contacto das RAL dispon\u00edveis e outras informa\u00e7\u00f5es podem ser consultados no portal do consumidor (www.consumidor.pt). A Mundial Casa Lda. n\u00e3o se encontra vinculada a qualquer RAL.\" \/>\n<meta property=\"og:url\" content=\"https:\/\/aquilter.pt\/wp_final\/informacao-ao-consumidor\/\" \/>\n<meta property=\"og:site_name\" content=\"Aspirador Aquilter\" \/>\n<meta property=\"article:publisher\" content=\"https:\/\/www.facebook.com\/Aquilter.pt\" \/>\n<meta property=\"article:modified_time\" content=\"2021-09-23T16:15:51+00:00\" \/>\n<meta name=\"twitter:card\" content=\"summary_large_image\" \/>\n<script type=\"application\/ld+json\" class=\"yoast-schema-graph\">{\"@context\":\"https:\\\/\\\/schema.org\",\"@graph\":[{\"@type\":\"WebPage\",\"@id\":\"https:\\\/\\\/aquilter.pt\\\/wp_final\\\/informacao-ao-consumidor\\\/\",\"url\":\"https:\\\/\\\/aquilter.pt\\\/wp_final\\\/informacao-ao-consumidor\\\/\",\"name\":\"Informa\u00e7\u00e3o ao Consumidor - Aspirador Aquilter\",\"isPartOf\":{\"@id\":\"https:\\\/\\\/aquilter.pt\\\/wp_final\\\/#website\"},\"datePublished\":\"2018-09-07T11:12:54+00:00\",\"dateModified\":\"2021-09-23T16:15:51+00:00\",\"breadcrumb\":{\"@id\":\"https:\\\/\\\/aquilter.pt\\\/wp_final\\\/informacao-ao-consumidor\\\/#breadcrumb\"},\"inLanguage\":\"pt-PT\",\"potentialAction\":[{\"@type\":\"ReadAction\",\"target\":[\"https:\\\/\\\/aquilter.pt\\\/wp_final\\\/informacao-ao-consumidor\\\/\"]}]},{\"@type\":\"BreadcrumbList\",\"@id\":\"https:\\\/\\\/aquilter.pt\\\/wp_final\\\/informacao-ao-consumidor\\\/#breadcrumb\",\"itemListElement\":[{\"@type\":\"ListItem\",\"position\":1,\"name\":\"In\u00edcio\",\"item\":\"https:\\\/\\\/aquilter.pt\\\/wp_final\\\/\"},{\"@type\":\"ListItem\",\"position\":2,\"name\":\"Informa\u00e7\u00e3o ao Consumidor\"}]},{\"@type\":\"WebSite\",\"@id\":\"https:\\\/\\\/aquilter.pt\\\/wp_final\\\/#website\",\"url\":\"https:\\\/\\\/aquilter.pt\\\/wp_final\\\/\",\"name\":\"Aspirador Aquilter Mundial Casa\",\"description\":\"Sistema de Limpeza Filtro a \u00c1gua\",\"publisher\":{\"@id\":\"https:\\\/\\\/aquilter.pt\\\/wp_final\\\/#organization\"},\"potentialAction\":[{\"@type\":\"SearchAction\",\"target\":{\"@type\":\"EntryPoint\",\"urlTemplate\":\"https:\\\/\\\/aquilter.pt\\\/wp_final\\\/?s={search_term_string}\"},\"query-input\":{\"@type\":\"PropertyValueSpecification\",\"valueRequired\":true,\"valueName\":\"search_term_string\"}}],\"inLanguage\":\"pt-PT\"},{\"@type\":\"Organization\",\"@id\":\"https:\\\/\\\/aquilter.pt\\\/wp_final\\\/#organization\",\"name\":\"Aspirador Aquilter Mundial Casa\",\"url\":\"https:\\\/\\\/aquilter.pt\\\/wp_final\\\/\",\"logo\":{\"@type\":\"ImageObject\",\"inLanguage\":\"pt-PT\",\"@id\":\"https:\\\/\\\/aquilter.pt\\\/wp_final\\\/#\\\/schema\\\/logo\\\/image\\\/\",\"url\":\"https:\\\/\\\/aquilter.pt\\\/wp_final\\\/wp-content\\\/uploads\\\/2018\\\/07\\\/logo_mundialcasa_grey.png\",\"contentUrl\":\"https:\\\/\\\/aquilter.pt\\\/wp_final\\\/wp-content\\\/uploads\\\/2018\\\/07\\\/logo_mundialcasa_grey.png\",\"width\":634,\"height\":233,\"caption\":\"Aspirador Aquilter Mundial Casa\"},\"image\":{\"@id\":\"https:\\\/\\\/aquilter.pt\\\/wp_final\\\/#\\\/schema\\\/logo\\\/image\\\/\"},\"sameAs\":[\"https:\\\/\\\/www.facebook.com\\\/Aquilter.pt\"]}]}<\/script>\n<!-- \/ Yoast SEO plugin. -->","yoast_head_json":{"title":"Informa\u00e7\u00e3o ao Consumidor - Aspirador Aquilter","robots":{"index":"index","follow":"follow","max-snippet":"max-snippet:-1","max-image-preview":"max-image-preview:large","max-video-preview":"max-video-preview:-1"},"canonical":"https:\/\/aquilter.pt\/wp_final\/informacao-ao-consumidor\/","og_locale":"pt_PT","og_type":"article","og_title":"Informa\u00e7\u00e3o ao Consumidor - Aspirador Aquilter","og_description":"Em caso de lit\u00edgio, o consumidor pode recorrer a uma entidade de resolu\u00e7\u00e3o alternativa de lit\u00edgios (RAL) de consumo. Os nomes de contacto das RAL dispon\u00edveis e outras informa\u00e7\u00f5es podem ser consultados no portal do consumidor (www.consumidor.pt). A Mundial Casa Lda. n\u00e3o se encontra vinculada a qualquer RAL.","og_url":"https:\/\/aquilter.pt\/wp_final\/informacao-ao-consumidor\/","og_site_name":"Aspirador Aquilter","article_publisher":"https:\/\/www.facebook.com\/Aquilter.pt","article_modified_time":"2021-09-23T16:15:51+00:00","twitter_card":"summary_large_image","schema":{"@context":"https:\/\/schema.org","@graph":[{"@type":"WebPage","@id":"https:\/\/aquilter.pt\/wp_final\/informacao-ao-consumidor\/","url":"https:\/\/aquilter.pt\/wp_final\/informacao-ao-consumidor\/","name":"Informa\u00e7\u00e3o ao Consumidor - Aspirador Aquilter","isPartOf":{"@id":"https:\/\/aquilter.pt\/wp_final\/#website"},"datePublished":"2018-09-07T11:12:54+00:00","dateModified":"2021-09-23T16:15:51+00:00","breadcrumb":{"@id":"https:\/\/aquilter.pt\/wp_final\/informacao-ao-consumidor\/#breadcrumb"},"inLanguage":"pt-PT","potentialAction":[{"@type":"ReadAction","target":["https:\/\/aquilter.pt\/wp_final\/informacao-ao-consumidor\/"]}]},{"@type":"BreadcrumbList","@id":"https:\/\/aquilter.pt\/wp_final\/informacao-ao-consumidor\/#breadcrumb","itemListElement":[{"@type":"ListItem","position":1,"name":"In\u00edcio","item":"https:\/\/aquilter.pt\/wp_final\/"},{"@type":"ListItem","position":2,"name":"Informa\u00e7\u00e3o ao Consumidor"}]},{"@type":"WebSite","@id":"https:\/\/aquilter.pt\/wp_final\/#website","url":"https:\/\/aquilter.pt\/wp_final\/","name":"Aspirador Aquilter Mundial Casa","description":"Sistema de Limpeza Filtro a \u00c1gua","publisher":{"@id":"https:\/\/aquilter.pt\/wp_final\/#organization"},"potentialAction":[{"@type":"SearchAction","target":{"@type":"EntryPoint","urlTemplate":"https:\/\/aquilter.pt\/wp_final\/?s={search_term_string}"},"query-input":{"@type":"PropertyValueSpecification","valueRequired":true,"valueName":"search_term_string"}}],"inLanguage":"pt-PT"},{"@type":"Organization","@id":"https:\/\/aquilter.pt\/wp_final\/#organization","name":"Aspirador Aquilter Mundial Casa","url":"https:\/\/aquilter.pt\/wp_final\/","logo":{"@type":"ImageObject","inLanguage":"pt-PT","@id":"https:\/\/aquilter.pt\/wp_final\/#\/schema\/logo\/image\/","url":"https:\/\/aquilter.pt\/wp_final\/wp-content\/uploads\/2018\/07\/logo_mundialcasa_grey.png","contentUrl":"https:\/\/aquilter.pt\/wp_final\/wp-content\/uploads\/2018\/07\/logo_mundialcasa_grey.png","width":634,"height":233,"caption":"Aspirador Aquilter Mundial Casa"},"image":{"@id":"https:\/\/aquilter.pt\/wp_final\/#\/schema\/logo\/image\/"},"sameAs":["https:\/\/www.facebook.com\/Aquilter.pt"]}]}},"_links":{"self":[{"href":"https:\/\/aquilter.pt\/wp_final\/wp-json\/wp\/v2\/pages\/884","targetHints":{"allow":["GET"]}}],"collection":[{"href":"https:\/\/aquilter.pt\/wp_final\/wp-json\/wp\/v2\/pages"}],"about":[{"href":"https:\/\/aquilter.pt\/wp_final\/wp-json\/wp\/v2\/types\/page"}],"author":[{"embeddable":true,"href":"https:\/\/aquilter.pt\/wp_final\/wp-json\/wp\/v2\/users\/1"}],"replies":[{"embeddable":true,"href":"https:\/\/aquilter.pt\/wp_final\/wp-json\/wp\/v2\/comments?post=884"}],"version-history":[{"count":0,"href":"https:\/\/aquilter.pt\/wp_final\/wp-json\/wp\/v2\/pages\/884\/revisions"}],"wp:attachment":[{"href":"https:\/\/aquilter.pt\/wp_final\/wp-json\/wp\/v2\/media?parent=884"}],"curies":[{"name":"wp","href":"https:\/\/api.w.org\/{rel}","templated":true}]}}